{"id":71,"date":"2020-10-14T09:27:59","date_gmt":"2020-10-14T07:27:59","guid":{"rendered":"https:\/\/block96.cz\/about\/"},"modified":"2026-04-02T20:45:40","modified_gmt":"2026-04-02T18:45:40","slug":"o-nas","status":"publish","type":"page","link":"https:\/\/block96.cz\/en\/o-nas\/","title":{"rendered":"About us"},"content":{"rendered":"<div data-elementor-type=\"wp-page\" data-elementor-id=\"71\" class=\"elementor elementor-71\">\n\t\t\t\t\t\t<section class=\"elementor-section elementor-top-section elementor-element elementor-element-d0f3366 elementor-section-boxed elementor-section-height-default elementor-section-height-default\" data-id=\"d0f3366\" data-element_type=\"section\">\n\t\t\t\t\t\t<div class=\"elementor-container elementor-column-gap-no\">\n\t\t\t\t\t<div class=\"aux-parallax-section elementor-column elementor-col-50 elementor-top-column elementor-element elementor-element-0705c80\" data-id=\"0705c80\" data-element_type=\"column\">\n\t\t\t<div class=\"elementor-widget-wrap elementor-element-populated\">\n\t\t\t\t\t\t<div class=\"elementor-element elementor-element-610f12d elementor-widget elementor-widget-aux_modern_heading\" data-id=\"610f12d\" data-element_type=\"widget\" data-widget_type=\"aux_modern_heading.default\">\n\t\t\t\t<div class=\"elementor-widget-container\">\n\t\t\t<section class=\"aux-widget-modern-heading\">\n            <div class=\"aux-widget-inner\"><h5 class=\"aux-modern-heading-primary\"><\/h5><h3 class=\"aux-modern-heading-secondary\"><span class=\"aux-head-before\">About us<\/span><\/h3><div class=\"aux-modern-heading-description\"><p data-start=\"576\" data-end=\"700\">Nejsme b\u011b\u017en\u00ed realitn\u00ed makl\u00e9\u0159i ani develope\u0159i. Jsme t\u00fdm, kter\u00fd se zam\u011b\u0159uje na <strong data-start=\"653\" data-end=\"699\">dostupn\u00e9, kvalitn\u00ed a transparentn\u00ed bydlen\u00ed<\/strong>.<\/p><p data-start=\"702\" data-end=\"890\">Stav\u00edme na dlouholet\u00fdch zku\u0161enostech z \u010cesk\u00e9 republiky i zahrani\u010d\u00ed. Nab\u00edz\u00edme f\u00e9rov\u00e9 podm\u00ednky bez skryt\u00fdch poplatk\u016f \u2013 pouze jasn\u011b stanovenou m\u011bs\u00ed\u010dn\u00ed cenu zahrnuj\u00edc\u00ed energie, m\u00e9dia i slu\u017eby.<\/p><p data-start=\"892\" data-end=\"991\">Jsme rodinn\u00e1 firma a zakl\u00e1d\u00e1me si na <strong data-start=\"929\" data-end=\"990\">osobn\u00edm p\u0159\u00edstupu a dlouhodob\u00e9 spokojenosti na\u0161ich klient\u016f<\/strong>.<\/p><p data-start=\"993\" data-end=\"1036\">S n\u00e1mi se budete c\u00edtit jako doma.<\/p><p>Petr Kri\u017ean<br \/>Block 96<\/p><\/div><\/div>\n        <\/section>\t\t<\/div>\n\t\t\t\t<\/div>\n\t\t\t\t<div class=\"elementor-element elementor-element-e68d74f elementor-widget elementor-widget-aux_modern_heading\" data-id=\"e68d74f\" data-element_type=\"widget\" data-widget_type=\"aux_modern_heading.default\">\n\t\t\t\t<div class=\"elementor-widget-container\">\n\t\t\t<section class=\"aux-widget-modern-heading\">\n            <div class=\"aux-widget-inner\"><h5 class=\"aux-modern-heading-primary\"><\/h5><h3 class=\"aux-modern-heading-secondary\"><span class=\"aux-head-before\">About Block96<\/span><\/h3><div class=\"aux-modern-heading-description\"><p>BLOCK 96 is an innovative and dynamic project redefining the concept of accommodation. It is located in Zlin, Czech Republic. Nestled at the intersection of short-term and long-term housing solutions, BLOCK 96 offers a distinctive living experience that combines comfort, flexibility, and community.\n\nWhat sets BLOCK 96 apart is its commitment to versatility. Whether you're seeking a temporary stay or a more permanent residence, we've meticulously designed our spaces to cater to your diverse needs. Our thoughtfully crafted accommodations provide the perfect blend of functionality and style, creating an environment that feels like home, regardless of the duration of your stay.\n\nAdding a touch of charm to this multifaceted project is our unique Cafe, housed within a creatively converted double-decker bus. Step into a world where your daily caffeine fix is complemented by the enchanting atmosphere of a transformed vintage vehicles. This one-of-a-kind Cafe serves as not just a place for a delightful cup of coffee but as a hub for social interaction and connection.\n\nAt BLOCK 96, we go beyond the conventional and embrace the spirit of community living. Our commitment to transparency, comfort, and a personalized approach ensures that every resident and visitor feels valued and at ease. As you embark on your journey within BLOCK 96, we invite you to explore the possibilities that arise when innovation meets hospitality, creating a space that truly becomes a home away from home.<\/p><p>BLOCK 96 offers unconventional studios and studios with maisonettes in sizes from 20 to 40 m\u00b2 for long-term and short-term rent at affordable prices. All units are fully equipped with furniture and electrical appliances, offer parking for up to 40 vehicles, reception, laundry, bike room and elevator.<\/p><p>In the immediate vicinity you will also find a relaxation area in the English style \"Little London\", ideal for non-traditional relaxation in a unique and stylish environment.<\/p><p><strong>Take control of your finances and live your life to the fullest. Treat yourself to more space and comfort. Pay only what you really have to.<\/strong><\/p><p>We look forward to seeing you at BLOCK 96.<\/p><\/div><\/div>\n        <\/section>\t\t<\/div>\n\t\t\t\t<\/div>\n\t\t\t\t\t<\/div>\n\t\t<\/div>\n\t\t\t\t<div class=\"aux-parallax-section elementor-column elementor-col-50 elementor-top-column elementor-element elementor-element-8bbf5bb\" data-id=\"8bbf5bb\" data-element_type=\"column\">\n\t\t\t<div class=\"elementor-widget-wrap elementor-element-populated\">\n\t\t\t\t\t\t<div class=\"elementor-element elementor-element-9f4424b elementor-widget elementor-widget-aux_image\" data-id=\"9f4424b\" data-element_type=\"widget\" data-widget_type=\"aux_image.default\">\n\t\t\t\t<div class=\"elementor-widget-container\">\n\t\t\t<section class=\"widget-container aux-widget-image aux-alignnone aux-parent-aua0e62175\">\n    <div class=\"aux-media-hint-frame\">\n        <div class=\"aux-media-image\" >\n        \n            \n\n            \n            <img fetchpriority=\"high\" decoding=\"async\" width=\"800\" height=\"680\" src=\"https:\/\/block96.cz\/wp-content\/uploads\/2024\/01\/zlin-1-e1706724604812-800x680.jpg\" class=\"aux-attachment aux-featured-image aux-attachment-id-88\" alt=\"zlin-1\" srcset=\"https:\/\/block96.cz\/wp-content\/uploads\/2024\/01\/zlin-1-e1706724604812-150x128.jpg 150w,https:\/\/block96.cz\/wp-content\/uploads\/2024\/01\/zlin-1-e1706724604812-300x255.jpg 300w,https:\/\/block96.cz\/wp-content\/uploads\/2024\/01\/zlin-1-e1706724604812-768x653.jpg 768w,https:\/\/block96.cz\/wp-content\/uploads\/2024\/01\/zlin-1-e1706724604812-1024x870.jpg 1024w,https:\/\/block96.cz\/wp-content\/uploads\/2024\/01\/zlin-1-e1706724604812-800x680.jpg 800w\" data-ratio=\"1.18\" data-original-w=\"1800\" sizes=\"(max-width:479px) 480px,(max-width:767px) 768px,(max-width:1023px) 1024px,800px\" \/>            \n                <\/div>\n    <\/div>\n\n<\/section><!-- widget-container -->\t\t<\/div>\n\t\t\t\t<\/div>\n\t\t\t\t\t<\/div>\n\t\t<\/div>\n\t\t\t\t\t<\/div>\n\t\t<\/section>\n\t\t\t\t<section class=\"elementor-section elementor-top-section elementor-element elementor-element-0583439 elementor-section-boxed elementor-section-height-default elementor-section-height-default\" data-id=\"0583439\" data-element_type=\"section\">\n\t\t\t\t\t\t<div class=\"elementor-container elementor-column-gap-no\">\n\t\t\t\t\t<div class=\"aux-parallax-section elementor-column elementor-col-100 elementor-top-column elementor-element elementor-element-ca70d33\" data-id=\"ca70d33\" data-element_type=\"column\" data-settings=\"{&quot;background_background&quot;:&quot;classic&quot;}\">\n\t\t\t<div class=\"elementor-widget-wrap elementor-element-populated\">\n\t\t\t\t\t\t<section class=\"elementor-section elementor-inner-section elementor-element elementor-element-6914bc5 elementor-section-boxed elementor-section-height-default elementor-section-height-default\" data-id=\"6914bc5\" data-element_type=\"section\">\n\t\t\t\t\t\t<div class=\"elementor-container elementor-column-gap-no\">\n\t\t\t\t\t<div class=\"aux-parallax-section elementor-column elementor-col-25 elementor-inner-column elementor-element elementor-element-b5829f3\" data-id=\"b5829f3\" data-element_type=\"column\">\n\t\t\t<div class=\"elementor-widget-wrap elementor-element-populated\">\n\t\t\t\t\t\t<div class=\"elementor-element elementor-element-e6e6ce7 elementor-widget__width-auto elementor-widget elementor-widget-aux_counter\" data-id=\"e6e6ce7\" data-element_type=\"widget\" data-widget_type=\"aux_counter.default\">\n\t\t\t\t<div class=\"elementor-widget-container\">\n\t\t\t\t\t<div class=\"aux-counter\">\n\t\t\t<div class=\"aux-counter-number-wrapper\">\n\t\t\t\t<span class=\"aux-counter-number-prefix\"><\/span>\n\t\t\t\t<span class=\"aux-counter-number\" data-duration=\"2000\" data-to-value=\"42\" data-from-value=\"0\" data-delay=\"0\" data-easing=\"\" data-delimiter=\",\">0<\/span>\n\t\t\t\t<span class=\"aux-counter-number-suffix\"><\/span>\n\t\t\t<\/div>\n\t\t\t\t\t<\/div>\n\t\t\t\t<\/div>\n\t\t\t\t<\/div>\n\t\t\t\t<div class=\"elementor-element elementor-element-1b3f529 elementor-widget__width-auto elementor-widget elementor-widget-aux_icon_list\" data-id=\"1b3f529\" data-element_type=\"widget\" data-widget_type=\"aux_icon_list.default\">\n\t\t\t\t<div class=\"elementor-widget-container\">\n\t\t\t<section class=\"widget-container aux-widget-icon-list aux-parent-au6fdf0251\" style=\"\" ><div class=\"widget-inner\"><div class=\"aux-widget-icon-list-inner\"><ul class=\"aux-icon-list-items aux-direction-default\" ><li class=\"aux-icon-list-item aux-list-item-has-icon aux-icon-list-item-e00a332 elementor-repeater-item-e00a332\" ><span class=\"aux-icon-list-text\" >Pln\u011b vybaven\u00fdch<\/span><\/li><li class=\"aux-icon-list-item aux-list-item-has-icon aux-icon-list-item-7730ef8 elementor-repeater-item-7730ef8\" ><span class=\"aux-icon-list-text\" >apartm\u00e1n\u016f<\/span><\/li><\/ul><\/div><\/div><\/section><!-- widget-container -->\t\t<\/div>\n\t\t\t\t<\/div>\n\t\t\t\t\t<\/div>\n\t\t<\/div>\n\t\t\t\t<div class=\"aux-parallax-section elementor-column elementor-col-25 elementor-inner-column elementor-element elementor-element-8f3362e\" data-id=\"8f3362e\" data-element_type=\"column\">\n\t\t\t<div class=\"elementor-widget-wrap elementor-element-populated\">\n\t\t\t\t\t\t<div class=\"elementor-element elementor-element-d85b689 elementor-widget__width-auto elementor-widget elementor-widget-aux_counter\" data-id=\"d85b689\" data-element_type=\"widget\" data-widget_type=\"aux_counter.default\">\n\t\t\t\t<div class=\"elementor-widget-container\">\n\t\t\t\t\t<div class=\"aux-counter\">\n\t\t\t<div class=\"aux-counter-number-wrapper\">\n\t\t\t\t<span class=\"aux-counter-number-prefix\"><\/span>\n\t\t\t\t<span class=\"aux-counter-number\" data-duration=\"2000\" data-to-value=\"14\" data-from-value=\"0\" data-delay=\"0\" data-easing=\"\" data-delimiter=\",\">0<\/span>\n\t\t\t\t<span class=\"aux-counter-number-suffix\"><\/span>\n\t\t\t<\/div>\n\t\t\t\t\t<\/div>\n\t\t\t\t<\/div>\n\t\t\t\t<\/div>\n\t\t\t\t<div class=\"elementor-element elementor-element-df3c611 elementor-widget__width-auto elementor-widget elementor-widget-aux_icon_list\" data-id=\"df3c611\" data-element_type=\"widget\" data-widget_type=\"aux_icon_list.default\">\n\t\t\t\t<div class=\"elementor-widget-container\">\n\t\t\t<section class=\"widget-container aux-widget-icon-list aux-parent-au705302a2\" style=\"\" ><div class=\"widget-inner\"><div class=\"aux-widget-icon-list-inner\"><ul class=\"aux-icon-list-items aux-direction-default\" ><li class=\"aux-icon-list-item aux-list-item-has-icon aux-icon-list-item-e00a332 elementor-repeater-item-e00a332\" ><span class=\"aux-icon-list-text\" >Multipurpose<\/span><\/li><li class=\"aux-icon-list-item aux-list-item-has-icon aux-icon-list-item-7730ef8 elementor-repeater-item-7730ef8\" ><span class=\"aux-icon-list-text\" >studios<\/span><\/li><\/ul><\/div><\/div><\/section><!-- widget-container -->\t\t<\/div>\n\t\t\t\t<\/div>\n\t\t\t\t\t<\/div>\n\t\t<\/div>\n\t\t\t\t<div class=\"aux-parallax-section elementor-column elementor-col-25 elementor-inner-column elementor-element elementor-element-8a28171\" data-id=\"8a28171\" data-element_type=\"column\">\n\t\t\t<div class=\"elementor-widget-wrap elementor-element-populated\">\n\t\t\t\t\t\t<div class=\"elementor-element elementor-element-db2aab1 elementor-widget__width-auto elementor-widget elementor-widget-aux_counter\" data-id=\"db2aab1\" data-element_type=\"widget\" data-widget_type=\"aux_counter.default\">\n\t\t\t\t<div class=\"elementor-widget-container\">\n\t\t\t\t\t<div class=\"aux-counter\">\n\t\t\t<div class=\"aux-counter-number-wrapper\">\n\t\t\t\t<span class=\"aux-counter-number-prefix\"><\/span>\n\t\t\t\t<span class=\"aux-counter-number\" data-duration=\"2000\" data-to-value=\"26\" data-from-value=\"0\" data-delay=\"0\" data-easing=\"\" data-delimiter=\",\">0<\/span>\n\t\t\t\t<span class=\"aux-counter-number-suffix\"><\/span>\n\t\t\t<\/div>\n\t\t\t\t\t<\/div>\n\t\t\t\t<\/div>\n\t\t\t\t<\/div>\n\t\t\t\t<div class=\"elementor-element elementor-element-c00ec72 elementor-widget__width-auto elementor-widget elementor-widget-aux_icon_list\" data-id=\"c00ec72\" data-element_type=\"widget\" data-widget_type=\"aux_icon_list.default\">\n\t\t\t\t<div class=\"elementor-widget-container\">\n\t\t\t<section class=\"widget-container aux-widget-icon-list aux-parent-au4c382416\" style=\"\" ><div class=\"widget-inner\"><div class=\"aux-widget-icon-list-inner\"><ul class=\"aux-icon-list-items aux-direction-default\" ><li class=\"aux-icon-list-item aux-list-item-has-icon aux-icon-list-item-e00a332 elementor-repeater-item-e00a332\" ><span class=\"aux-icon-list-text\" >Parking<\/span><\/li><li class=\"aux-icon-list-item aux-list-item-has-icon aux-icon-list-item-7730ef8 elementor-repeater-item-7730ef8\" ><span class=\"aux-icon-list-text\" >places<\/span><\/li><\/ul><\/div><\/div><\/section><!-- widget-container -->\t\t<\/div>\n\t\t\t\t<\/div>\n\t\t\t\t\t<\/div>\n\t\t<\/div>\n\t\t\t\t<div class=\"aux-parallax-section elementor-column elementor-col-25 elementor-inner-column elementor-element elementor-element-3b227a4\" data-id=\"3b227a4\" data-element_type=\"column\">\n\t\t\t<div class=\"elementor-widget-wrap elementor-element-populated\">\n\t\t\t\t\t\t<div class=\"elementor-element elementor-element-526cb95 elementor-widget__width-auto elementor-widget elementor-widget-aux_counter\" data-id=\"526cb95\" data-element_type=\"widget\" data-widget_type=\"aux_counter.default\">\n\t\t\t\t<div class=\"elementor-widget-container\">\n\t\t\t\t\t<div class=\"aux-counter\">\n\t\t\t<div class=\"aux-counter-number-wrapper\">\n\t\t\t\t<span class=\"aux-counter-number-prefix\"><\/span>\n\t\t\t\t<span class=\"aux-counter-number\" data-duration=\"2000\" data-to-value=\"10\" data-from-value=\"0\" data-delay=\"0\" data-easing=\"\" data-delimiter=\",\">0<\/span>\n\t\t\t\t<span class=\"aux-counter-number-suffix\"><\/span>\n\t\t\t<\/div>\n\t\t\t\t\t<\/div>\n\t\t\t\t<\/div>\n\t\t\t\t<\/div>\n\t\t\t\t<div class=\"elementor-element elementor-element-3b64eaa elementor-widget__width-auto elementor-widget elementor-widget-aux_icon_list\" data-id=\"3b64eaa\" data-element_type=\"widget\" data-widget_type=\"aux_icon_list.default\">\n\t\t\t\t<div class=\"elementor-widget-container\">\n\t\t\t<section class=\"widget-container aux-widget-icon-list aux-parent-au2f31d323\" style=\"\" ><div class=\"widget-inner\"><div class=\"aux-widget-icon-list-inner\"><ul class=\"aux-icon-list-items aux-direction-default\" ><li class=\"aux-icon-list-item aux-list-item-has-icon aux-icon-list-item-e00a332 elementor-repeater-item-e00a332\" ><span class=\"aux-icon-list-text\" >Minut do<\/span><\/li><li class=\"aux-icon-list-item aux-list-item-has-icon aux-icon-list-item-7730ef8 elementor-repeater-item-7730ef8\" ><span class=\"aux-icon-list-text\" >centra m\u011bsta<\/span><\/li><\/ul><\/div><\/div><\/section><!-- widget-container -->\t\t<\/div>\n\t\t\t\t<\/div>\n\t\t\t\t\t<\/div>\n\t\t<\/div>\n\t\t\t\t\t<\/div>\n\t\t<\/section>\n\t\t\t\t\t<\/div>\n\t\t<\/div>\n\t\t\t\t\t<\/div>\n\t\t<\/section>\n\t\t<div class=\"elementor-element elementor-element-8fb44de e-flex e-con-boxed e-con e-parent\" data-id=\"8fb44de\" data-element_type=\"container\" data-settings=\"{&quot;container_type&quot;:&quot;flex&quot;,&quot;content_width&quot;:&quot;boxed&quot;}\" data-core-v316-plus=\"true\">\n\t\t\t\t\t<div class=\"e-con-inner\">\n\t\t\t\t<div class=\"elementor-element elementor-element-b55fb6c elementor-widget elementor-widget-spacer\" data-id=\"b55fb6c\" data-element_type=\"widget\" data-widget_type=\"spacer.default\">\n\t\t\t\t<div class=\"elementor-widget-container\">\n\t\t\t<style>\/*! elementor - v3.19.0 - 07-02-2024 *\/\n.elementor-column .elementor-spacer-inner{height:var(--spacer-size)}.e-con{--container-widget-width:100%}.e-con-inner>.elementor-widget-spacer,.e-con>.elementor-widget-spacer{width:var(--container-widget-width,var(--spacer-size));--align-self:var(--container-widget-align-self,initial);--flex-shrink:0}.e-con-inner>.elementor-widget-spacer>.elementor-widget-container,.e-con>.elementor-widget-spacer>.elementor-widget-container{height:100%;width:100%}.e-con-inner>.elementor-widget-spacer>.elementor-widget-container>.elementor-spacer,.e-con>.elementor-widget-spacer>.elementor-widget-container>.elementor-spacer{height:100%}.e-con-inner>.elementor-widget-spacer>.elementor-widget-container>.elementor-spacer>.elementor-spacer-inner,.e-con>.elementor-widget-spacer>.elementor-widget-container>.elementor-spacer>.elementor-spacer-inner{height:var(--container-widget-height,var(--spacer-size))}.e-con-inner>.elementor-widget-spacer.elementor-widget-empty,.e-con>.elementor-widget-spacer.elementor-widget-empty{position:relative;min-height:22px;min-width:22px}.e-con-inner>.elementor-widget-spacer.elementor-widget-empty .elementor-widget-empty-icon,.e-con>.elementor-widget-spacer.elementor-widget-empty .elementor-widget-empty-icon{position:absolute;top:0;bottom:0;left:0;right:0;margin:auto;padding:0;width:22px;height:22px}<\/style>\t\t<div class=\"elementor-spacer\">\n\t\t\t<div class=\"elementor-spacer-inner\"><\/div>\n\t\t<\/div>\n\t\t\t\t<\/div>\n\t\t\t\t<\/div>\n\t\t\t\t\t<\/div>\n\t\t\t\t<\/div>\n\t\t\t\t<\/div>","protected":false},"excerpt":{"rendered":"<p>O n\u00e1s Nejsme b\u011b\u017en\u00ed realitn\u00ed makl\u00e9\u0159i ani develope\u0159i. Jsme t\u00fdm, kter\u00fd se zam\u011b\u0159uje na dostupn\u00e9, kvalitn\u00ed a transparentn\u00ed bydlen\u00ed. Stav\u00edme na dlouholet\u00fdch zku\u0161enostech z \u010cesk\u00e9 republiky i zahrani\u010d\u00ed. Nab\u00edz\u00edme f\u00e9rov\u00e9 podm\u00ednky bez skryt\u00fdch poplatk\u016f \u2013 pouze jasn\u011b stanovenou m\u011bs\u00ed\u010dn\u00ed cenu zahrnuj\u00edc\u00ed energie, m\u00e9dia i slu\u017eby. Jsme rodinn\u00e1 firma a zakl\u00e1d\u00e1me si na osobn\u00edm p\u0159\u00edstupu a [&hellip;]<\/p>","protected":false},"author":1,"featured_media":0,"parent":0,"menu_order":0,"comment_status":"closed","ping_status":"closed","template":"templates\/page-builder-content.php","meta":{"footnotes":""},"class_list":["post-71","page","type-page","status-publish","hentry"],"_links":{"self":[{"href":"https:\/\/block96.cz\/en\/wp-json\/wp\/v2\/pages\/71","targetHints":{"allow":["GET"]}}],"collection":[{"href":"https:\/\/block96.cz\/en\/wp-json\/wp\/v2\/pages"}],"about":[{"href":"https:\/\/block96.cz\/en\/wp-json\/wp\/v2\/types\/page"}],"author":[{"embeddable":true,"href":"https:\/\/block96.cz\/en\/wp-json\/wp\/v2\/users\/1"}],"replies":[{"embeddable":true,"href":"https:\/\/block96.cz\/en\/wp-json\/wp\/v2\/comments?post=71"}],"version-history":[{"count":31,"href":"https:\/\/block96.cz\/en\/wp-json\/wp\/v2\/pages\/71\/revisions"}],"predecessor-version":[{"id":730,"href":"https:\/\/block96.cz\/en\/wp-json\/wp\/v2\/pages\/71\/revisions\/730"}],"wp:attachment":[{"href":"https:\/\/block96.cz\/en\/wp-json\/wp\/v2\/media?parent=71"}],"curies":[{"name":"wp","href":"https:\/\/api.w.org\/{rel}","templated":true}]}}